{"id":15,"date":"2011-04-03T16:21:04","date_gmt":"2011-04-03T16:21:04","guid":{"rendered":"http:\/\/www.flip-design.de\/?page_id=15"},"modified":"2021-03-06T19:24:09","modified_gmt":"2021-03-06T17:24:09","slug":"impressum","status":"publish","type":"page","link":"https:\/\/www.flip-design.de\/?page_id=15","title":{"rendered":"Impressum"},"content":{"rendered":"<p>F\u00fcr den Inhalt dieser Seiten ist verantwortlich:<br \/>\n<strong>Philipp Lenz<\/strong><br \/>\nJohannishof 2<br \/>\n56626 Andernach<\/p>\n<h3>Copyright:<\/h3>\n<p>Das Copyright f\u00fcr den Inhalt dieser Website liegt bei Philipp Lenz.<br \/>\nWeitere hier nicht ausdr\u00fccklich einger\u00e4umten Rechte bleiben vorbehalten.<\/p>\n<h3>Rechtliche Notwendigkeiten:<\/h3>\n<p>Mit dem Urteil vom 12. Mai 1998 hat das Landgericht Hamburg entschieden, dass man durch die Ausbringung eines Links die Inhalte der gelinkten Seite ggf. mit zu verantworten hat. Dies kann, so das Landgericht, nur dadurch verhindert werden, dass man sich ausdr\u00fccklich von diesen Inhalten distanziert. F\u00fcr alle diese Links erkl\u00e4re ich ausdr\u00fccklich, dass ich keinerlei Einfluss auf die Gestaltung und die Inhalte der gelinkten Seiten habe. Deshalb distanziere ich mich ausdr\u00fccklich von den Inhalten aller gelinkten Seiten auf dieser Homepage.<\/p>\n<p>Auf meiner Website verwendete Worte und Bilder sind eventuell markenrechtlich gesch\u00fctzt, auch wenn diese nicht als solche gekennzeichnet sind. Die Rechte an diesen Marken bzw. Zeichen liegen bei den jeweiligen Inhabern, auf deren Rechte hiermit ausdr\u00fccklich verwiesen wird.<\/p>\n","protected":false},"excerpt":{"rendered":"<p>F\u00fcr den Inhalt dieser Seiten ist verantwortlich: Philipp Lenz Johannishof 2 56626 Andernach Copyright: Das Copyright f\u00fcr den Inhalt dieser Website liegt bei Philipp Lenz. Weitere hier nicht ausdr\u00fccklich einger\u00e4umten Rechte bleiben vorbehalten. Rechtliche Notwendigkeiten: Mit dem Urteil vom 12. &hellip; <a href=\"https:\/\/www.flip-design.de\/?page_id=15\">Continue reading <span class=\"meta-nav\">&rarr;<\/span><\/a><\/p>\n","protected":false},"author":1,"featured_media":0,"parent":0,"menu_order":4,"comment_status":"closed","ping_status":"closed","template":"","meta":{"_monsterinsights_skip_tracking":false,"_monsterinsights_sitenote_active":false,"_monsterinsights_sitenote_note":"","_monsterinsights_sitenote_category":0},"_links":{"self":[{"href":"https:\/\/www.flip-design.de\/index.php?rest_route=\/wp\/v2\/pages\/15"}],"collection":[{"href":"https:\/\/www.flip-design.de\/index.php?rest_route=\/wp\/v2\/pages"}],"about":[{"href":"https:\/\/www.flip-design.de\/index.php?rest_route=\/wp\/v2\/types\/page"}],"author":[{"embeddable":true,"href":"https:\/\/www.flip-design.de\/index.php?rest_route=\/wp\/v2\/users\/1"}],"replies":[{"embeddable":true,"href":"https:\/\/www.flip-design.de\/index.php?rest_route=%2Fwp%2Fv2%2Fcomments&post=15"}],"version-history":[{"count":6,"href":"https:\/\/www.flip-design.de\/index.php?rest_route=\/wp\/v2\/pages\/15\/revisions"}],"predecessor-version":[{"id":947,"href":"https:\/\/www.flip-design.de\/index.php?rest_route=\/wp\/v2\/pages\/15\/revisions\/947"}],"wp:attachment":[{"href":"https:\/\/www.flip-design.de\/index.php?rest_route=%2Fwp%2Fv2%2Fmedia&parent=15"}],"curies":[{"name":"wp","href":"https:\/\/api.w.org\/{rel}","templated":true}]}}