{"id":9,"date":"2011-04-03T16:15:10","date_gmt":"2011-04-03T16:15:10","guid":{"rendered":"http:\/\/www.flip-design.de\/?page_id=9"},"modified":"2023-03-09T18:44:07","modified_gmt":"2023-03-09T16:44:07","slug":"philipp-lenz","status":"publish","type":"page","link":"https:\/\/www.flip-design.de\/?page_id=9","title":{"rendered":"Me, myself and I"},"content":{"rendered":"<p><a href=\"http:\/\/www.flip-design.de\/wp-content\/uploads\/2020\/03\/Philipp_Lenz.png\"><img decoding=\"async\" loading=\"lazy\" class=\"alignleft wp-image-696 size-medium\" src=\"http:\/\/www.flip-design.de\/wp-content\/uploads\/2020\/03\/Philipp_Lenz-300x300.png\" alt=\"\" width=\"300\" height=\"300\" srcset=\"https:\/\/www.flip-design.de\/wp-content\/uploads\/2020\/03\/Philipp_Lenz-300x300.png 300w, https:\/\/www.flip-design.de\/wp-content\/uploads\/2020\/03\/Philipp_Lenz-1024x1024.png 1024w, https:\/\/www.flip-design.de\/wp-content\/uploads\/2020\/03\/Philipp_Lenz-150x150.png 150w, https:\/\/www.flip-design.de\/wp-content\/uploads\/2020\/03\/Philipp_Lenz-768x768.png 768w, https:\/\/www.flip-design.de\/wp-content\/uploads\/2020\/03\/Philipp_Lenz-1536x1536.png 1536w, https:\/\/www.flip-design.de\/wp-content\/uploads\/2020\/03\/Philipp_Lenz.png 2048w\" sizes=\"(max-width: 300px) 100vw, 300px\" \/><\/a>Dieser Blog dient lediglich einer Abbildung von technischen Informationen \/ Artikeln rund um den Microsoft SQL Server sowie BI und soll anderen eine Hilfe bieten, sich schnell und einfach einen \u00dcberblick \u00fcber diese Technologien zu verschaffen.<br \/>Weitere Informationen zu meiner Person und zu meinen beruflichen Aktivit\u00e4ten findet sich auf\u00a0<a href=\"http:\/\/www.xing.com\/profile\/Philipp_Lenz3\" target=\"_blank\" rel=\"me noopener noreferrer\"><img decoding=\"async\" loading=\"lazy\" src=\"http:\/\/www.xing.com\/img\/buttons\/10_en_btn.gif\" alt=\"Philipp Lenz\" width=\"85\" height=\"23\" \/><\/a> in meinem Profil oder aktuelle Tweets unter <a href=\"https:\/\/twitter.com\/lenz_philipp\">@lenz_philipp<\/a><\/p>\n<p>Aktuell leite ich die folgenden Gruppen:<\/p>\n<ul>\n<li><a href=\"https:\/\/www.sqlpass.de\/groups\/rg-mittelrhein\/\">SQL PASS Mittelrhein<\/a><\/li>\n<li><a href=\"https:\/\/www.meetup.com\/Koln-Business-Intelligence-Meetup\/\">Power BI Usergroup K\u00f6ln<\/a><\/li>\n<li><a href=\"https:\/\/www.meetup.com\/Cologne-Flow-PowerApps-Meetup\/\">Power Apps \/ Automate Usergroup K\u00f6ln<\/a><\/li>\n<\/ul>\n<table>\n<tbody>\n<tr>\n<td><a href=\"http:\/\/www.flip-design.de\/wp-content\/uploads\/2019\/10\/Flow-UG.png\"><img decoding=\"async\" loading=\"lazy\" class=\"alignleft size-medium wp-image-663\" src=\"http:\/\/www.flip-design.de\/wp-content\/uploads\/2019\/10\/Flow-UG-300x100.png\" alt=\"\" width=\"300\" height=\"100\" srcset=\"https:\/\/www.flip-design.de\/wp-content\/uploads\/2019\/10\/Flow-UG-300x100.png 300w, https:\/\/www.flip-design.de\/wp-content\/uploads\/2019\/10\/Flow-UG.png 357w\" sizes=\"(max-width: 300px) 100vw, 300px\" \/><\/a> <a href=\"http:\/\/www.flip-design.de\/wp-content\/uploads\/2019\/10\/Power-APP-UG.png\"><img decoding=\"async\" loading=\"lazy\" class=\"alignleft size-medium wp-image-664\" src=\"http:\/\/www.flip-design.de\/wp-content\/uploads\/2019\/10\/Power-APP-UG-300x64.png\" alt=\"\" width=\"300\" height=\"64\" srcset=\"https:\/\/www.flip-design.de\/wp-content\/uploads\/2019\/10\/Power-APP-UG-300x64.png 300w, https:\/\/www.flip-design.de\/wp-content\/uploads\/2019\/10\/Power-APP-UG-500x107.png 500w, https:\/\/www.flip-design.de\/wp-content\/uploads\/2019\/10\/Power-APP-UG.png 515w\" sizes=\"(max-width: 300px) 100vw, 300px\" \/><\/a> <a href=\"http:\/\/www.flip-design.de\/wp-content\/uploads\/2019\/10\/Power-BI-UG.png\"><img decoding=\"async\" loading=\"lazy\" class=\"alignleft size-medium wp-image-665\" src=\"http:\/\/www.flip-design.de\/wp-content\/uploads\/2019\/10\/Power-BI-UG-300x80.png\" alt=\"\" width=\"300\" height=\"80\" srcset=\"https:\/\/www.flip-design.de\/wp-content\/uploads\/2019\/10\/Power-BI-UG-300x80.png 300w, https:\/\/www.flip-design.de\/wp-content\/uploads\/2019\/10\/Power-BI-UG.png 410w\" sizes=\"(max-width: 300px) 100vw, 300px\" \/><\/a><\/td>\n<\/tr>\n<\/tbody>\n<\/table>\n<p>Seit 2019 wurde ich auch von Microsoft als <a href=\"https:\/\/mvp.microsoft.com\/en-us\/PublicProfile\/5003554?fullName=Philipp%20Lenz\">MVP<\/a> ausgezeichnet &#8211; Kategorie: Data Platform<\/p>\n<p><a href=\"http:\/\/www.flip-design.de\/wp-content\/uploads\/2019\/12\/MVP_Logo_Preferred_Cyan300_RGB_72ppi.png\"><img decoding=\"async\" loading=\"lazy\" class=\"size-full wp-image-670 aligncenter\" src=\"http:\/\/www.flip-design.de\/wp-content\/uploads\/2019\/12\/MVP_Logo_Preferred_Cyan300_RGB_72ppi.png\" alt=\"\" width=\"73\" height=\"115\" \/><\/a><strong>Skillset<\/strong><\/p>\n<ul>\n<li>Microsoft Certified Trainer (MCT)<br \/><a href=\"http:\/\/www.flip-design.de\/wp-content\/uploads\/2011\/04\/MCT_2013rgb.png\"><img decoding=\"async\" loading=\"lazy\" class=\"alignleft size-full wp-image-316\" src=\"http:\/\/www.flip-design.de\/wp-content\/uploads\/2011\/04\/MCT_2013rgb.png\" alt=\"MCT_2013(rgb)\" width=\"160\" height=\"93\" \/><\/a><\/li>\n<\/ul>\n<ul>\n<li>MCTIP f\u00fcr Microsoft SQL Server 2008<\/li>\n<li>MCP f\u00fcr Windows Server 2003 und Windows XP<\/li>\n<li>Microsoft SQL Server Programmierung und Administration<\/li>\n<li>Microsoft SQL Server Replikationstypen sowie HA<\/li>\n<li>SSAS, SSRS und SSIS<\/li>\n<li>PowerPivot, PowerView, PowerQuery (Power BI 1.0)<\/li>\n<li>Self Service BI<\/li>\n<li>Microsoft Power BI 2.0<\/li>\n<li>PSM I Scrum Master<\/li>\n<li>Interaction Room Coach<\/li>\n<\/ul>\n<p><strong>Regelm\u00e4\u00dfig bin ich auch auf Vortr\u00e4gen \/ Konferenzen als Sprecher zu finden:<\/strong><\/p>\n<p>\u00a0<\/p>\n<p>siehe\u00a0<a href=\"https:\/\/mvp.microsoft.com\/en-us\/PublicProfile\/5003554?fullName=Philipp%20Lenz\">https:\/\/mvp.microsoft.com\/en-us\/PublicProfile\/5003554?fullName=Philipp%20Lenz<\/a><\/p>\n<p>Vergangene Events:<\/p>\n<ul>\n<li>11.05.2021 Einf\u00fchrung in Power BI Embedded bei der <a href=\"https:\/\/www.meetup.com\/NET-User-Group-Bern\/events\/277881903\/\">.NET UG Bern<\/a><\/li>\n<li>25.03.2021: Power BI &amp; Sentiment Analysis<\/li>\n<li>19.03.2021: Power BI Embedded auf dem <a href=\"https:\/\/radacad.com\/eventc\/power-bi-summit\">Power BI Summit<\/a><\/li>\n<li>20.02.2021: <a href=\"https:\/\/www.powerplatformbootcamp.com\/2021\/location-detail\/?id=d9064658-6f4b-eb11-8fed-281878f664b1&amp;city=Hannover#\">Einf\u00fchrung in Microsoft Power BI und die Analyse von Kunden Emails mit den Cognitive Services<\/a> bei Global Power Platform Bootcamp 2021<\/li>\n<li>25.01.2021 <a href=\"https:\/\/www.meetup.com\/Azure-Dusseldorf-Meetup\/events\/274966512\/\">Einf\u00fchrung in Power BI und die Azure Data Plattform<\/a>\u00a0 bei Azure DUS#12<\/li>\n<li>15.01.2021 <a href=\"https:\/\/www.sqlsaturday.com\/1015\/Sessions\/Details\/sid\/107994\">Power BI and Paginated Reports? An overview over the Power BI Reporting Platform<\/a> beim SQL Saturday Vienna<\/li>\n<li>14.01.2021<a href=\"https:\/\/pbig.nl\/events\/cognitive-services-met-philipp\/\"> Power BI UG Netherlands, Cognitive Services<\/a><\/li>\n<li>15.12.2020 <a href=\"https:\/\/www.powerbidays.com\/virtualevent\/virtual-hamburg-power-bi-days-2020-12-15\/\">Scrum (Agile Vorgehensweisen) und Business Intelligence Projekte? Geht das?<\/a> bei den Virtual Hamburg Power BI Days 2020-12-15<\/li>\n<li>03.09.2020 <strong><em>I<a href=\"https:\/\/www.sqlsaturday.com\/988\/Sessions\/Details\/sid\/103207\">ntroduction into Power BI Embedded<\/a><\/em><\/strong> beim SQL Saturday in Gothenburg (virtuell)<\/li>\n<li>15.09.2020 <strong><em>I<a href=\"https:\/\/www.powerbidays.com\/virtualevent\/munich-power-bi-days-2020-09-15\/\">ntroduction into Power BI Embedded<\/a><\/em><\/strong> bei Power BI Days in M\u00fcnchen (virtuell)<\/li>\n<li>01.07.2020 <strong><em>I<a href=\"https:\/\/cdmcd.co\/za4adA\">ntroduction into Power BI Embedded<\/a><\/em><\/strong> beim Platform Summit in Barcelona (virtuell)<\/li>\n<li>03.07.2020 <a href=\"https:\/\/cdmcd.co\/gE4EAq\"><strong><em>Microsoft Power BI Deployment Types <\/em><\/strong><\/a>beim Platform Summit in Barcelona (virtuell)<\/li>\n<li>07.07.2020 <strong><a href=\"https:\/\/pbig.nl\/events\/power-bi-cognitive-services\/?mc_cid=02156f8fd7&amp;mc_eid=f2b03ba2be\">Sentiment Analysis with Power BI and Azure<\/a><\/strong> at the Power BI Usergroup Netherlands<\/li>\n<li>16.06.2020 <a href=\"https:\/\/www.powerbidays.com\/virtualevent\/munich-power-bi-days-2020-06-16\/\">Power BI and Paginated Reports<\/a> auf den Power BI Days<\/li>\n<li>30.04.2020 <a href=\"https:\/\/www.meetup.com\/Koln-Business-Intelligence-Meetup\/events\/267447211\/\">Power BI &amp; Cognitive Services<\/a> auf der PBI UG in K\u00f6ln<\/li>\n<li>24.03.2020 Agile und BI bei der<a href=\"https:\/\/www.sqlpass.de\/groups\/rg-ruhrgebiet\/\"> SQLPASS Ruhrgebiet<\/a><\/li>\n<li>07.03.2020 <a href=\"https:\/\/www.sqlsaturday.com\/956\/Sessions\/Details.aspx?sid=100494\">Power BI Deployment Types<\/a> auf dem SQL Saturday in Belgien<\/li>\n<li>05.03.2020 <strong>Scrum (Agile Vorgehensweisen) und Business Intelligence Projekte? Geht das?<\/strong> <a href=\"https:\/\/sqlkonferenz.de\/agenda.aspx\">SQL Konferenz in Darmstadt<\/a><\/li>\n<li>15.02.2020 Power BI &amp; Paginated Reports bei dem <a href=\"https:\/\/www.powerbidays.com\/allevents\/belgium-power-platform-bootcamp-2020-02-15\/\">Power BI Bootcamp in Belgien<\/a><\/li>\n<li>18.02.2020: Power Deployment Types auf dem <a href=\"https:\/\/www.xing.com\/events\/msccch-02-2020-power-bi-2757870\">MSCCH<\/a> in Hannover<\/li>\n<li>4.11.19: Power BI Embedded auf der <a href=\"https:\/\/sched.co\/Utxh\">Power BI World Tour Munich<\/a><\/li>\n<li>03.11.19: Power BI Bereitstellungsvarianten auf der <a href=\"https:\/\/munichpowerplatformworldtou2019.sched.com\/event\/VWsv\/power-bi-szenarien-cloud-hybrid-oder-doch-on-premises\">Power BI World Tour Munich<\/a><\/li>\n<li>28.10.19: <a href=\"https:\/\/www.sqlpass.de\/events\/philipp-lenz-agile-und-bi-teil-1\/\">BI und Agilit\u00e4t in der Praxis<\/a> bei der SQL PASS Rheinland<\/li>\n<li>14.10.19: BI und Agilit\u00e4t bei der<a href=\"https:\/\/www.sqlpass.de\/events\/philip-lenz-agile-und-bi\/\"> SQL PASS Rheinland<\/a><\/li>\n<li>14.09.19 SQL Saturday Gothenburg &#8211; Power BI Deployment Types<br \/><a href=\"https:\/\/www.sqlsaturday.com\/898\/Sessions\/Details.aspx?sid=93154\">https:\/\/www.sqlsaturday.com\/898\/Sessions\/Details.aspx?sid=93154<\/a><\/li>\n<li>22.08.19: <a href=\"https:\/\/www.meetup.com\/Koln-Business-Intelligence-Meetup\/events\/262750565\/\">Power BI und Paginated Reports? Die Berichtsplattform in der Cloud im \u00dcberblick<\/a> bei der Power BI K\u00f6ln<\/li>\n<li>03.07.2019: <a href=\"https:\/\/www.xing.com\/events\/net-ug-event-3-juli-power-bi-embedded-philipp-2116916\">Power BI Embedded .NET UG Dortmund<\/a><\/li>\n<li>17.06.2019: Power BI mit Reporting Services bei der <a href=\"https:\/\/www.meetup.com\/PowerBI-Basel\/\">PUG Basel<\/a><\/li>\n<li>13.06.2019: Power BI Embedded bei der <a href=\"https:\/\/www.meetup.com\/Azure-Cologne-Meetup\/events\/259217098\/\">Azure UG Cologne<\/a><\/li>\n<li>25.05.2019: Power BI and Paginated Reports beim <a href=\"https:\/\/www.sqlsaturday.com\/856\/Sessions\/Details.aspx?sid=90526\">SQL Saturday Rhineland, Germany<\/a><\/li>\n<li>09.05.2019: Power BI Embedded auf der SQL PASS Rheinland<\/li>\n<li>13.04.2019: <a href=\"https:\/\/www.powerbidays.com\/schedule\/\">Introduction into Power Embedded<\/a> bei den Power BI Days in Belgium<\/li>\n<li>11.04.2019: <a href=\"https:\/\/www.sqlpass.de\/events\/rg_ruhrgebiet_2019_04\/\">Power BI Embedded<\/a> auf der SQL PASS Rhurgebiet<\/li>\n<li>18.03.2019: Power BI Installationsvarianten bei der PUG Basel<br \/><a href=\"https:\/\/www.meetup.com\/PowerBI-Basel\/events\/259392649\/\">https:\/\/www.meetup.com\/PowerBI-Basel\/events\/259392649\/ <\/a><\/li>\n<li>11.03.2019: B<a href=\"https:\/\/www.sqlpass.de\/events\/agile-und-bi-passt-das-zusammen-ja\/\">I &amp; Agile auf der SQLPASS Mittelrhein<\/a><\/li>\n<li>22.01.2019: <a href=\"https:\/\/www.meetup.com\/C-NET-Meetup-Hannover\/events\/258125414\/\">Power BI Embedded, .NET UG Hannover<\/a><\/li>\n<li>18.10.2018: <a href=\"https:\/\/www.meetup.com\/power-bi-user-group-hamburg\/events\/254003464\/\">Power BI &#8211; Cloud, Hybrid oder on Premise? bei der Power BI Usergroup Hamburg<\/a><\/li>\n<li>26.09.2018: Introduction into Power BI Embedded bei der Power BI Usergroup K\u00f6ln<\/li>\n<li>21.4.2018: Power BI auf der .NET SQL Server Konferenz (SNEK) VI in N\u00fcrnberg<a href=\"http:\/\/www.donkarl.com\/snek\/Archiv\/SNEK6.htm\">http:\/\/www.donkarl.com\/snek\/Archiv\/SNEK6.htm<\/a><\/li>\n<li>15.03.2018: Power BI &#8211; Cloud, Hybrid oder on Premise? bei der Power BI Usergroup K\u00f6ln<\/li>\n<li>21.02.2018: Power BI Installationvarianten auf der BASTA! <a href=\"https:\/\/basta.net\/dataaccess-storage\/powerbi-cloud-hybrid-oder-doch-on-premise\/\">https:\/\/basta.net\/dataaccess-storage\/powerbi-cloud-hybrid-oder-doch-on-premise\/<\/a><\/li>\n<li>13.09.2017: Advanced Microsoft Power BI bei der SQLPASS Mittelrhein<\/li>\n<li>20.08.2016: Introduction into Microsoft Power BI bei der Power BI bei der SQLPASS Mittelrhein<\/li>\n<li>22.07.2016: Introduction into Microsoft Power BI bei der Power BI Usergroup K\u00f6ln<\/li>\n<li>13.04.2013: self service BI auf der SNEK II: <a href=\"http:\/\/www.donkarl.com\/?snek\">http:\/\/www.donkarl.com\/?snek<\/a><\/li>\n<li>12.02.2011: Replikation mit SQL Server 2008 auf der SEK IV: <a href=\"http:\/\/www.donkarl.com\/SEK\/SEK4.htm\">http:\/\/www.donkarl.com\/SEK\/SEK4.htm<\/a><\/li>\n<\/ul>\n<p>Weiter spreche ich auf regelm\u00e4\u00dfig auf der <a href=\"https:\/\/www.sqlpass.de\/groups\/rg-mittelrhein\/\">SQL PASS Mittelrhein<\/a> sowie bei der <a href=\"https:\/\/www.meetup.com\/Koln-Business-Intelligence-Meetup\/\">Power BI Usergroup K\u00f6ln.<\/a><\/p>\n<p><strong>Fachartikel \/ Ver\u00f6ffentlichungen<\/strong><\/p>\n<div class=\"ng-scope\">\n<ul>\n<li style=\"list-style-type: none;\">\n<ul>\n<li style=\"list-style-type: none;\">\n<ul>\n<li>Compliance im BI Umfeld in der Windows Developer 04\/20<br \/><a href=\"https:\/\/kiosk.entwickler.de\/windows-developer-magazin\/windows-developer-magazin-4-2020-3\/eigene-compliance-im-bi-umfeld\/\">https:\/\/kiosk.entwickler.de\/windows-developer-magazin\/windows-developer-magazin-4-2020-3\/eigene-compliance-im-bi-umfeld\/<\/a><\/li>\n<li>&#8222;Scrum in der Praxis: Agile Entwicklung im Business-Intelligence-Umfeld&#8220; bei JAXEnter <a href=\"https:\/\/jaxenter.de\/agile-scrum-business-intelligence-2-86159\">https:\/\/jaxenter.de\/agile-scrum-business-intelligence-2-86159<\/a><\/li>\n<li>&#8222;Microsoft Power BI Embedded: Berichte in eigene Anwendung integrieren&#8220; in der Windows Insider 02\/19<br \/><a href=\"https:\/\/entwickler.de\/leseproben\/microsoft-power-bi-embedded-579878575.html\">https:\/\/entwickler.de\/leseproben\/microsoft-power-bi-embedded-579878575.html<\/a><\/li>\n<li>&#8222;Self-Service Business Intelligence \u2013 Chance oder Risiko?&#8220; auf BigDataInsider.de<br \/><a href=\"https:\/\/www.bigdata-insider.de\/self-service-business-intelligence-chance-oder-risiko-a-769313\/\">https:\/\/www.bigdata-insider.de\/self-service-business-intelligence-chance-oder-risiko-a-769313\/<\/a><\/li>\n<li>Datenmodellierung und Pr\u00e4sentation mit Power BI in BigData Insider \/ Netzwoche<br \/><a href=\"https:\/\/www.bigdata-insider.de\/datenmodellierung-und-praesentation-mit-power-bi-a-565256\/\">https:\/\/www.bigdata-insider.de\/datenmodellierung-und-praesentation-mit-power-bi-a-565256\/<\/a><br \/><a href=\"https:\/\/www.adesso.ch\/adesso-ch\/pr-veroeffentlichungen\/fachartikel\/2017-04-06-netzwoche-power-bi.pdf\">https:\/\/www.adesso.ch\/adesso-ch\/pr-veroeffentlichungen\/fachartikel\/2017-04-06-netzwoche-power-bi.pdf<\/a><\/li>\n<li>Power BI Hybrid, Cloud der on Premise in der Windows Developer 05\/18<br \/><a href=\"https:\/\/entwickler.de\/windows-developer-magazin\/windows-developer-5-18-579835203.html\">https:\/\/entwickler.de\/windows-developer-magazin\/windows-developer-5-18-579835203.html<\/a><\/li>\n<\/ul>\n<\/li>\n<\/ul>\n<ul>\n<li style=\"list-style-type: none;\">\u00a0<\/li>\n<\/ul>\n<\/li>\n<\/ul>\n<\/div>\n\n\n<p><\/p>\n","protected":false},"excerpt":{"rendered":"<p>Dieser Blog dient lediglich einer Abbildung von technischen Informationen \/ Artikeln rund um den Microsoft SQL Server sowie BI und soll anderen eine Hilfe bieten, sich schnell und einfach einen \u00dcberblick \u00fcber diese Technologien zu verschaffen.Weitere Informationen zu meiner Person &hellip; <a href=\"https:\/\/www.flip-design.de\/?page_id=9\">Continue reading <span class=\"meta-nav\">&rarr;<\/span><\/a><\/p>\n","protected":false},"author":1,"featured_media":0,"parent":0,"menu_order":3,"comment_status":"closed","ping_status":"closed","template":"","meta":{"_monsterinsights_skip_tracking":false,"_monsterinsights_sitenote_active":false,"_monsterinsights_sitenote_note":"","_monsterinsights_sitenote_category":0},"_links":{"self":[{"href":"https:\/\/www.flip-design.de\/index.php?rest_route=\/wp\/v2\/pages\/9"}],"collection":[{"href":"https:\/\/www.flip-design.de\/index.php?rest_route=\/wp\/v2\/pages"}],"about":[{"href":"https:\/\/www.flip-design.de\/index.php?rest_route=\/wp\/v2\/types\/page"}],"author":[{"embeddable":true,"href":"https:\/\/www.flip-design.de\/index.php?rest_route=\/wp\/v2\/users\/1"}],"replies":[{"embeddable":true,"href":"https:\/\/www.flip-design.de\/index.php?rest_route=%2Fwp%2Fv2%2Fcomments&post=9"}],"version-history":[{"count":104,"href":"https:\/\/www.flip-design.de\/index.php?rest_route=\/wp\/v2\/pages\/9\/revisions"}],"predecessor-version":[{"id":1324,"href":"https:\/\/www.flip-design.de\/index.php?rest_route=\/wp\/v2\/pages\/9\/revisions\/1324"}],"wp:attachment":[{"href":"https:\/\/www.flip-design.de\/index.php?rest_route=%2Fwp%2Fv2%2Fmedia&parent=9"}],"curies":[{"name":"wp","href":"https:\/\/api.w.org\/{rel}","templated":true}]}}